{"id":1268,"date":"2020-01-15T14:24:06","date_gmt":"2020-01-15T15:24:06","guid":{"rendered":"https:\/\/fraeuleinyogini.de\/?page_id=1268"},"modified":"2022-04-03T12:02:48","modified_gmt":"2022-04-03T13:02:48","slug":"geschlossene-kurse","status":"publish","type":"page","link":"https:\/\/fraeuleinyogini.de\/en\/geschlossene-kurse\/","title":{"rendered":"Geschlossene Kurse"},"content":{"rendered":"\n<p>Hatha Yoga<\/p>\n\n\n\n<p>Die\u00a0<strong>geschlossenen Kurse<\/strong> bauen aufeinander auf und anders als in den Drop-in Stunden \u00fcben wir von Woche zu Woche gezielt an unterschiedlichen Themen. <\/p>\n\n\n\n<p>Die geschlossenen Kurse bestehen aus&nbsp;<strong>Einheiten von 10 aufeinanderfolgenden Stunden<\/strong>&nbsp;f\u00fcr 150 Euro. Solltet ihr an einem Termin krank sein, verhindert oder auf Reisen, stelle ich euch das Video online und ihr k\u00f6nnt es jederzeit on Demand von zu Hause oder dem Urlaub abrufen. Praktischer geht&#8217;s&nbsp;nicht!<\/p>\n\n\n\n<p>\u00a0Kurs I: Montags 18:30 Uhr (Beginn 23.5.2022)<\/p>\n\n\n\n<p>Mindestteilnehmerzahl: 3 Yogi*nis.<\/p>\n\n\n\n<p>Kursgeb\u00fchr: 150 Euro<\/p>\n\n\n\n<p>Anmeldung und weitere Infos unter: mail@fraeuleinyogini.com<\/p>\n\n\n\n<p>Feste Buchung: \u00dcberweisung der Kursgeb\u00fchr mit Betreff &#8220;Geschlossener Hatha Kurs Montag&#8221; an: Dr Cornelia Zeltner, Postbank M\u00fcnchen, IBAN: DE33 1001 0010 0914 6661 14<\/p>\n\n\n\n<p>Sollte die Nachfrage gro\u00df genug sein, wird es auf Wunsch weitere Angebote geben \ud83d\ude42<\/p>\n","protected":false},"excerpt":{"rendered":"<p>Hatha Yoga Die\u00a0geschlossenen Kurse bauen aufeinander auf und anders als in den Drop-in Stunden \u00fcben wir von Woche zu Woche gezielt an unterschiedlichen Themen. Die geschlossenen Kurse bestehen aus&nbsp;Einheiten von 10 aufeinanderfolgenden Stunden&nbsp;f\u00fcr 150 Euro. Solltet ihr an einem Termin<\/p>\n","protected":false},"author":1,"featured_media":0,"parent":0,"menu_order":0,"comment_status":"closed","ping_status":"closed","template":"","meta":{"inline_featured_image":false,"ngg_post_thumbnail":0,"footnotes":""},"class_list":["post-1268","page","type-page","status-publish","hentry"],"yoast_head":"<!-- This site is optimized with the Yoast SEO plugin v27.4 - https:\/\/yoast.com\/product\/yoast-seo-wordpress\/ -->\n<title>Geschlossene Kurse | Fr\u00e4ulein Yogini<\/title>\n<meta name=\"robots\" content=\"index, follow, max-snippet:-1, max-image-preview:large, max-video-preview:-1\" \/>\n<link rel=\"canonical\" href=\"https:\/\/fraeuleinyogini.de\/geschlossene-kurse\/\" \/>\n<meta property=\"og:locale\" content=\"en_US\" \/>\n<meta property=\"og:type\" content=\"article\" \/>\n<meta property=\"og:title\" content=\"Geschlossene Kurse | Fr\u00e4ulein Yogini\" \/>\n<meta property=\"og:description\" content=\"Hatha Yoga Die\u00a0geschlossenen Kurse bauen aufeinander auf und anders als in den Drop-in Stunden \u00fcben wir von Woche zu Woche gezielt an unterschiedlichen Themen. Die geschlossenen Kurse bestehen aus&nbsp;Einheiten von 10 aufeinanderfolgenden Stunden&nbsp;f\u00fcr 150 Euro. Solltet ihr an einem Termin\" \/>\n<meta property=\"og:url\" content=\"https:\/\/fraeuleinyogini.de\/geschlossene-kurse\/\" \/>\n<meta property=\"og:site_name\" content=\"Fr\u00e4ulein Yogini\" \/>\n<meta property=\"article:publisher\" content=\"https:\/\/www.facebook.com\/fraeuleinyogini\/\" \/>\n<meta property=\"article:modified_time\" content=\"2022-04-03T13:02:48+00:00\" \/>\n<meta name=\"twitter:card\" content=\"summary_large_image\" \/>\n<meta name=\"twitter:label1\" content=\"Est. reading time\" \/>\n\t<meta name=\"twitter:data1\" content=\"1 minute\" \/>\n<script type=\"application\/ld+json\" class=\"yoast-schema-graph\">{\"@context\":\"https:\\\/\\\/schema.org\",\"@graph\":[{\"@type\":\"WebPage\",\"@id\":\"https:\\\/\\\/fraeuleinyogini.de\\\/geschlossene-kurse\\\/\",\"url\":\"https:\\\/\\\/fraeuleinyogini.de\\\/geschlossene-kurse\\\/\",\"name\":\"Geschlossene Kurse | Fr\u00e4ulein Yogini\",\"isPartOf\":{\"@id\":\"https:\\\/\\\/fraeuleinyogini.de\\\/#website\"},\"datePublished\":\"2020-01-15T15:24:06+00:00\",\"dateModified\":\"2022-04-03T13:02:48+00:00\",\"breadcrumb\":{\"@id\":\"https:\\\/\\\/fraeuleinyogini.de\\\/geschlossene-kurse\\\/#breadcrumb\"},\"inLanguage\":\"en-US\",\"potentialAction\":[{\"@type\":\"ReadAction\",\"target\":[\"https:\\\/\\\/fraeuleinyogini.de\\\/geschlossene-kurse\\\/\"]}]},{\"@type\":\"BreadcrumbList\",\"@id\":\"https:\\\/\\\/fraeuleinyogini.de\\\/geschlossene-kurse\\\/#breadcrumb\",\"itemListElement\":[{\"@type\":\"ListItem\",\"position\":1,\"name\":\"Startseite\",\"item\":\"https:\\\/\\\/fraeuleinyogini.de\\\/\"},{\"@type\":\"ListItem\",\"position\":2,\"name\":\"Geschlossene Kurse\"}]},{\"@type\":\"WebSite\",\"@id\":\"https:\\\/\\\/fraeuleinyogini.de\\\/#website\",\"url\":\"https:\\\/\\\/fraeuleinyogini.de\\\/\",\"name\":\"Fr\u00e4ulein Yogini\",\"description\":\"Yoga und Meditation\",\"publisher\":{\"@id\":\"https:\\\/\\\/fraeuleinyogini.de\\\/#organization\"},\"potentialAction\":[{\"@type\":\"SearchAction\",\"target\":{\"@type\":\"EntryPoint\",\"urlTemplate\":\"https:\\\/\\\/fraeuleinyogini.de\\\/?s={search_term_string}\"},\"query-input\":{\"@type\":\"PropertyValueSpecification\",\"valueRequired\":true,\"valueName\":\"search_term_string\"}}],\"inLanguage\":\"en-US\"},{\"@type\":\"Organization\",\"@id\":\"https:\\\/\\\/fraeuleinyogini.de\\\/#organization\",\"name\":\"Fr\u00e4uelein Yogini\",\"url\":\"https:\\\/\\\/fraeuleinyogini.de\\\/\",\"logo\":{\"@type\":\"ImageObject\",\"inLanguage\":\"en-US\",\"@id\":\"https:\\\/\\\/fraeuleinyogini.de\\\/#\\\/schema\\\/logo\\\/image\\\/\",\"url\":\"https:\\\/\\\/fraeuleinyogini.de\\\/wp-content\\\/uploads\\\/2017\\\/03\\\/cropped-logo-1.jpg\",\"contentUrl\":\"https:\\\/\\\/fraeuleinyogini.de\\\/wp-content\\\/uploads\\\/2017\\\/03\\\/cropped-logo-1.jpg\",\"width\":2482,\"height\":2482,\"caption\":\"Fr\u00e4uelein Yogini\"},\"image\":{\"@id\":\"https:\\\/\\\/fraeuleinyogini.de\\\/#\\\/schema\\\/logo\\\/image\\\/\"},\"sameAs\":[\"https:\\\/\\\/www.facebook.com\\\/fraeuleinyogini\\\/\"]}]}<\/script>\n<!-- \/ Yoast SEO plugin. -->","yoast_head_json":{"title":"Geschlossene Kurse | Fr\u00e4ulein Yogini","robots":{"index":"index","follow":"follow","max-snippet":"max-snippet:-1","max-image-preview":"max-image-preview:large","max-video-preview":"max-video-preview:-1"},"canonical":"https:\/\/fraeuleinyogini.de\/geschlossene-kurse\/","og_locale":"en_US","og_type":"article","og_title":"Geschlossene Kurse | Fr\u00e4ulein Yogini","og_description":"Hatha Yoga Die\u00a0geschlossenen Kurse bauen aufeinander auf und anders als in den Drop-in Stunden \u00fcben wir von Woche zu Woche gezielt an unterschiedlichen Themen. Die geschlossenen Kurse bestehen aus&nbsp;Einheiten von 10 aufeinanderfolgenden Stunden&nbsp;f\u00fcr 150 Euro. Solltet ihr an einem Termin","og_url":"https:\/\/fraeuleinyogini.de\/geschlossene-kurse\/","og_site_name":"Fr\u00e4ulein Yogini","article_publisher":"https:\/\/www.facebook.com\/fraeuleinyogini\/","article_modified_time":"2022-04-03T13:02:48+00:00","twitter_card":"summary_large_image","twitter_misc":{"Est. reading time":"1 minute"},"schema":{"@context":"https:\/\/schema.org","@graph":[{"@type":"WebPage","@id":"https:\/\/fraeuleinyogini.de\/geschlossene-kurse\/","url":"https:\/\/fraeuleinyogini.de\/geschlossene-kurse\/","name":"Geschlossene Kurse | Fr\u00e4ulein Yogini","isPartOf":{"@id":"https:\/\/fraeuleinyogini.de\/#website"},"datePublished":"2020-01-15T15:24:06+00:00","dateModified":"2022-04-03T13:02:48+00:00","breadcrumb":{"@id":"https:\/\/fraeuleinyogini.de\/geschlossene-kurse\/#breadcrumb"},"inLanguage":"en-US","potentialAction":[{"@type":"ReadAction","target":["https:\/\/fraeuleinyogini.de\/geschlossene-kurse\/"]}]},{"@type":"BreadcrumbList","@id":"https:\/\/fraeuleinyogini.de\/geschlossene-kurse\/#breadcrumb","itemListElement":[{"@type":"ListItem","position":1,"name":"Startseite","item":"https:\/\/fraeuleinyogini.de\/"},{"@type":"ListItem","position":2,"name":"Geschlossene Kurse"}]},{"@type":"WebSite","@id":"https:\/\/fraeuleinyogini.de\/#website","url":"https:\/\/fraeuleinyogini.de\/","name":"Fr\u00e4ulein Yogini","description":"Yoga und Meditation","publisher":{"@id":"https:\/\/fraeuleinyogini.de\/#organization"},"potentialAction":[{"@type":"SearchAction","target":{"@type":"EntryPoint","urlTemplate":"https:\/\/fraeuleinyogini.de\/?s={search_term_string}"},"query-input":{"@type":"PropertyValueSpecification","valueRequired":true,"valueName":"search_term_string"}}],"inLanguage":"en-US"},{"@type":"Organization","@id":"https:\/\/fraeuleinyogini.de\/#organization","name":"Fr\u00e4uelein Yogini","url":"https:\/\/fraeuleinyogini.de\/","logo":{"@type":"ImageObject","inLanguage":"en-US","@id":"https:\/\/fraeuleinyogini.de\/#\/schema\/logo\/image\/","url":"https:\/\/fraeuleinyogini.de\/wp-content\/uploads\/2017\/03\/cropped-logo-1.jpg","contentUrl":"https:\/\/fraeuleinyogini.de\/wp-content\/uploads\/2017\/03\/cropped-logo-1.jpg","width":2482,"height":2482,"caption":"Fr\u00e4uelein Yogini"},"image":{"@id":"https:\/\/fraeuleinyogini.de\/#\/schema\/logo\/image\/"},"sameAs":["https:\/\/www.facebook.com\/fraeuleinyogini\/"]}]}},"_links":{"self":[{"href":"https:\/\/fraeuleinyogini.de\/en\/wp-json\/wp\/v2\/pages\/1268","targetHints":{"allow":["GET"]}}],"collection":[{"href":"https:\/\/fraeuleinyogini.de\/en\/wp-json\/wp\/v2\/pages"}],"about":[{"href":"https:\/\/fraeuleinyogini.de\/en\/wp-json\/wp\/v2\/types\/page"}],"author":[{"embeddable":true,"href":"https:\/\/fraeuleinyogini.de\/en\/wp-json\/wp\/v2\/users\/1"}],"replies":[{"embeddable":true,"href":"https:\/\/fraeuleinyogini.de\/en\/wp-json\/wp\/v2\/comments?post=1268"}],"version-history":[{"count":27,"href":"https:\/\/fraeuleinyogini.de\/en\/wp-json\/wp\/v2\/pages\/1268\/revisions"}],"predecessor-version":[{"id":1852,"href":"https:\/\/fraeuleinyogini.de\/en\/wp-json\/wp\/v2\/pages\/1268\/revisions\/1852"}],"wp:attachment":[{"href":"https:\/\/fraeuleinyogini.de\/en\/wp-json\/wp\/v2\/media?parent=1268"}],"curies":[{"name":"wp","href":"https:\/\/api.w.org\/{rel}","templated":true}]}}