{"id":21,"date":"2017-02-23T10:12:58","date_gmt":"2017-02-23T10:12:58","guid":{"rendered":"http:\/\/fraeuleinyogini.com\/kontakt-impressum\/"},"modified":"2022-04-03T11:38:47","modified_gmt":"2022-04-03T12:38:47","slug":"impressum","status":"publish","type":"page","link":"https:\/\/fraeuleinyogini.de\/en\/impressum\/","title":{"rendered":"imprint"},"content":{"rendered":"<p><\/p>\n<h1><span style=\"font-size: 12pt; font-family: Gotham;\">Imprint<\/span><\/h1>\n<h1><span style=\"font-size: 12pt; font-family: Gotham;\">information according to&nbsp;\u00a7 5 TMG:<\/span><\/h1>\n<p><span style=\"font-size: 12pt; font-family: Gotham;\">Cornelia Zeltner<\/span><br \/>\n<span style=\"font-size: 12pt; font-family: Gotham;\"> Fr\u00e4ulein Yogini &#8211; Yoga- und Meditationslehrerin<\/span><br \/>\n<span style=\"font-size: 12pt; font-family: Gotham;\"> Reichenhaller Stra\u00dfe 42<\/span><br \/>\n<span style=\"font-size: 12pt; font-family: Gotham;\"> 81547 M\u00fcnchen<\/span><\/p>\n<h2><span style=\"font-size: 12pt; font-family: Gotham;\">contact:<\/span><\/h2>\n<table>\n<tbody>\n<tr>\n<td><span style=\"font-size: 12pt; font-family: Gotham;\">Telefon:<\/span><\/td>\n<td><span style=\"font-size: 12pt; font-family: Gotham;\">0049 178 68 44 945<\/span><\/td>\n<\/tr>\n<tr>\n<td><span style=\"font-size: 12pt; font-family: Gotham;\">E-Mail:<\/span><\/td>\n<td><span style=\"font-size: 12pt; font-family: Gotham;\">mail@fraeuleinyogini.com<\/span><\/td>\n<\/tr>\n<\/tbody>\n<\/table>\n<h2><span style=\"font-size: 12pt; font-family: Gotham;\">Umsatzsteuer-ID:<\/span><\/h2>\n<p><span style=\"font-size: 12pt; font-family: Gotham;\">Umsatzsteuer-Identifikationsnummer according to \u00a727 a Umsatzsteuergesetz:<\/span><br \/>\n<span style=\"font-size: 12pt; font-family: Gotham;\"> 148\/219\/40576<\/span><\/p>\n<h2><span style=\"font-size: 12pt; font-family: Gotham;\">Responsible for the content&nbsp;(\u00a7 55 Abs. 2 RStV):<\/span><\/h2>\n<p><span style=\"font-size: 12pt; font-family: Gotham;\">Dr. Cornelia Zeltner<\/span><br \/>\n<span style=\"font-size: 12pt; font-family: Gotham;\"> Reichenhaller Stra\u00dfe 42<\/span><br \/>\n<span style=\"font-size: 12pt; font-family: Gotham;\"> 81547 M\u00fcnchen<\/span><\/p>\n<p>&nbsp;<\/p>\n<p><span style=\"font-size: 14pt;\"><strong><span style=\"font-family: Gotham;\">Disclaimer<\/span><\/strong><\/span><\/p>\n<p><span style=\"font-size: 12pt; font-family: Gotham;\"><strong>Limitation of liability for internal content<\/strong><\/span><\/p>\n<p><span style=\"font-size: 12pt; font-family: Gotham;\">The content of our website has been compiled with meticulous care and to the best of our knowledge. However, we cannot assume any liability for the up-to-dateness, completeness or accuracy of any of the pages.<\/span><\/p>\n<p><span style=\"font-size: 12pt;\"><span style=\"font-family: Gotham;\">Pursuant to section 7, para. 1 of the TMG (Telemediengesetz \u2013 Tele Media Act by German law), we as service providers are liable for our own content on these pages in accordance with general laws. However, pursuant to sections 8 to 10 of the TMG, we as service providers are not under obligation to monitor external information provided or stored on our website. Once we have become aware of a specific infringement of the law, we will immediately remove the content in question. Any liability concerning this matter can only be assumed from the point in time at which the infringement becomes known to us.<\/span><\/span><\/p>\n<p><span style=\"font-size: 12pt; font-family: Gotham;\"><strong>Limitation of liability for external links<\/strong><\/span><\/p>\n<p><span style=\"font-size: 12pt; font-family: Gotham;\">Our website contains links to the websites of third parties (\u201eexternal links\u201c). As the content of these websites is not under our control, we cannot assume any liability for such external content. In all cases, the provider of information of the linked websites is liable for the content and accuracy of the information provided. At the point in time when the links were placed, no infringements of the law were recognisable to us. As soon as an infringement of the law becomes known to us, we will immediately remove the link in question.<\/span><\/p>\n<p><span style=\"font-size: 12pt; font-family: Gotham;\"><strong>Copyright<\/strong><\/span><\/p>\n<p><span style=\"font-size: 12pt;\"><span style=\"font-family: Gotham;\">The content and works published on this website are governed by the copyright laws of Germany. Any duplication, processing, distribution or any form of utilisation beyond the scope of copyright law shall require the prior written consent of the author or authors in question.<\/span><\/span><\/p>\n<p><span style=\"font-size: 12pt; font-family: Gotham;\"><strong>Data protection<\/strong><\/span><\/p>\n<p><span style=\"font-size: 12pt; font-family: Gotham;\">A visit to our website can result in the storage on our server of information about the access (date, time, page accessed). This does not represent any analysis of personal data (e.g., name, address or e-mail address). If personal data are collected, this only occurs \u2013 to the extent possible \u2013 with the prior consent of the user of the website. Any forwarding of the data to third parties without the express consent of the user shall not take place.<\/span><\/p>\n<p><span style=\"font-size: 12pt; font-family: Gotham;\">We would like to expressly point out that the transmission of data via the Internet (e.g., by e-mail) can offer security vulnerabilities. It is therefore impossible to safeguard the data completely against access by third parties. We cannot assume any liability for damages arising as a result of such security vulnerabilities.<\/span><\/p>\n<p><span style=\"font-size: 12pt; font-family: Gotham;\">The use by third parties of all published contact details for the purpose of advertising is expressly excluded. We reserve the right to take legal steps in the case of the unsolicited sending of advertising information; e.g., by means of spam mail.<\/span><\/p>\n<p><span style=\"font-family: Gotham;\">When contacting the provider (for example via contact form or e-mail), the user&#8217;s details are stored for the purpose of processing the enquiry and in the event that follow-up questions arise.<\/span>&nbsp;<\/p>\n<p>This website uses Google Analytics, a web analysis service of Google Inc, (1600 Amphitheatre Parkway Mountain View, CA 94043, USA; &#8220;Google&#8221;). The use includes the &#8220;Universal Analytics&#8221; operating mode. This facilitates the assignment of data, sessions and interactions across several devices to a pseudonymous user ID and thus the analysis of a user&#8217;s activities across devices. This data protection notice is provided by <a href=\"https:\/\/www.intersoft-consulting.de\" target=\"_blank\" rel=\"noopener\">www.intersoft-consulting.de<\/a>.<\/p>\n<p>Google Analytics uses &#8220;cookies&#8221;, which are text files placed on your computer, to allow the website operator to analyze how users use the site. The information generated by the cookie about your use of this website is usually transferred to a Google server in the USA and stored there. However, if IP anonymisation is activated on this website, Google will reduce your IP address within Member States of the European Union or in other states party to the Agreement on the European Economic Area beforehand. Only in exceptional cases will the full IP address be transmitted to a Google server in the USA and shortened there. The IP address transmitted by your browser in the context of Google Analytics is not merged with other Google data. On behalf of the operator of this website, Google will use this information to evaluate your use of the website, to compile reports on website activity and to provide the website operator with other services related to website and Internet use. Our legitimate interest in data processing also lies in these purposes. The legal basis for the use of Google Analytics is \u00a7 15 para. 3 TMG and Art. 6 para. 1 lit. f GDPR. Sessions and campaigns are terminated after a certain period of time. By default, sessions are closed after 30 minutes without activity and campaigns after six months. The time limit for campaigns may not exceed two years. For more information on terms of use and data protection, please visit <a href=\"https:\/\/www.google.com\/analytics\/terms\/gb.html\" target=\"_blank\" rel=\"noopener\">https:\/\/www.google.com\/analytics\/terms\/gb.html<\/a> or <a href=\"https:\/\/policies.google.com\/?hl=en\" target=\"_blank\" rel=\"noopener\">https:\/\/policies.google.com\/?hl=en<\/a>.<\/p>\n<p>You may refuse the use of cookies by selecting the appropriate settings on your browser, however please note that if you do this you may not be able to use the full functionality of this website. You can also prevent Google from collecting the data generated by the cookie and relating to your use of the website (including your IP address) and from processing this data by Google by downloading and installing the <a href=\"https:\/\/tools.google.com\/dlpage\/gaoptout?hl=en\">Browser Add-on<\/a>. Opt-out cookies prevent the future collection of your data when you visit this website. To prevent Universal Analytics from collecting data across several devices, you must opt-out on all systems used. If you click here, the opt-out cookie will be set:<br \/>\n<a>Deactivate Google Analytics <\/a><\/p>","protected":false},"excerpt":{"rendered":"<p>Imprint information according to&nbsp;\u00a7 5 TMG: Cornelia Zeltner Fr\u00e4ulein Yogini &#8211; Yoga- und Meditationslehrerin Reichenhaller Stra\u00dfe 42 81547 M\u00fcnchen contact: Telefon: 0049 178 68 44 945 E-Mail: mail@fraeuleinyogini.com Umsatzsteuer-ID: Umsatzsteuer-Identifikationsnummer according to \u00a727 a Umsatzsteuergesetz: 148\/219\/40576 Responsible for the content&nbsp;(\u00a7<\/p>\n","protected":false},"author":2,"featured_media":0,"parent":0,"menu_order":0,"comment_status":"closed","ping_status":"closed","template":"","meta":{"inline_featured_image":false,"ngg_post_thumbnail":0,"footnotes":""},"class_list":["post-21","page","type-page","status-publish","hentry"],"yoast_head":"<!-- This site is optimized with the Yoast SEO plugin v27.0 - https:\/\/yoast.com\/product\/yoast-seo-wordpress\/ -->\n<title>imprint | Fr\u00e4ulein Yogini<\/title>\n<meta name=\"robots\" content=\"index, follow, max-snippet:-1, max-image-preview:large, max-video-preview:-1\" \/>\n<link rel=\"canonical\" href=\"https:\/\/fraeuleinyogini.de\/impressum\/\" \/>\n<meta property=\"og:locale\" content=\"en_US\" \/>\n<meta property=\"og:type\" content=\"article\" \/>\n<meta property=\"og:title\" content=\"imprint | Fr\u00e4ulein Yogini\" \/>\n<meta property=\"og:description\" content=\"Imprint information according to&nbsp;\u00a7 5 TMG: Cornelia Zeltner Fr\u00e4ulein Yogini &#8211; Yoga- und Meditationslehrerin Reichenhaller Stra\u00dfe 42 81547 M\u00fcnchen contact: Telefon: 0049 178 68 44 945 E-Mail: mail@fraeuleinyogini.com Umsatzsteuer-ID: Umsatzsteuer-Identifikationsnummer according to \u00a727 a Umsatzsteuergesetz: 148\/219\/40576 Responsible for the content&nbsp;(\u00a7\" \/>\n<meta property=\"og:url\" content=\"https:\/\/fraeuleinyogini.de\/impressum\/\" \/>\n<meta property=\"og:site_name\" content=\"Fr\u00e4ulein Yogini\" \/>\n<meta property=\"article:publisher\" content=\"https:\/\/www.facebook.com\/fraeuleinyogini\/\" \/>\n<meta property=\"article:modified_time\" content=\"2022-04-03T12:38:47+00:00\" \/>\n<meta name=\"twitter:card\" content=\"summary_large_image\" \/>\n<meta name=\"twitter:label1\" content=\"Est. reading time\" \/>\n\t<meta name=\"twitter:data1\" content=\"11 minutes\" \/>\n<script type=\"application\/ld+json\" class=\"yoast-schema-graph\">{\"@context\":\"https:\/\/schema.org\",\"@graph\":[{\"@type\":\"WebPage\",\"@id\":\"https:\/\/fraeuleinyogini.de\/impressum\/\",\"url\":\"https:\/\/fraeuleinyogini.de\/impressum\/\",\"name\":\"imprint | Fr\u00e4ulein Yogini\",\"isPartOf\":{\"@id\":\"https:\/\/fraeuleinyogini.de\/#website\"},\"datePublished\":\"2017-02-23T10:12:58+00:00\",\"dateModified\":\"2022-04-03T12:38:47+00:00\",\"breadcrumb\":{\"@id\":\"https:\/\/fraeuleinyogini.de\/impressum\/#breadcrumb\"},\"inLanguage\":\"en-US\",\"potentialAction\":[{\"@type\":\"ReadAction\",\"target\":[\"https:\/\/fraeuleinyogini.de\/impressum\/\"]}]},{\"@type\":\"BreadcrumbList\",\"@id\":\"https:\/\/fraeuleinyogini.de\/impressum\/#breadcrumb\",\"itemListElement\":[{\"@type\":\"ListItem\",\"position\":1,\"name\":\"Startseite\",\"item\":\"https:\/\/fraeuleinyogini.de\/\"},{\"@type\":\"ListItem\",\"position\":2,\"name\":\"Impressum\"}]},{\"@type\":\"WebSite\",\"@id\":\"https:\/\/fraeuleinyogini.de\/#website\",\"url\":\"https:\/\/fraeuleinyogini.de\/\",\"name\":\"Fr\u00e4ulein Yogini\",\"description\":\"Yoga und Meditation\",\"publisher\":{\"@id\":\"https:\/\/fraeuleinyogini.de\/#organization\"},\"potentialAction\":[{\"@type\":\"SearchAction\",\"target\":{\"@type\":\"EntryPoint\",\"urlTemplate\":\"https:\/\/fraeuleinyogini.de\/?s={search_term_string}\"},\"query-input\":{\"@type\":\"PropertyValueSpecification\",\"valueRequired\":true,\"valueName\":\"search_term_string\"}}],\"inLanguage\":\"en-US\"},{\"@type\":\"Organization\",\"@id\":\"https:\/\/fraeuleinyogini.de\/#organization\",\"name\":\"Fr\u00e4uelein Yogini\",\"url\":\"https:\/\/fraeuleinyogini.de\/\",\"logo\":{\"@type\":\"ImageObject\",\"inLanguage\":\"en-US\",\"@id\":\"https:\/\/fraeuleinyogini.de\/#\/schema\/logo\/image\/\",\"url\":\"https:\/\/fraeuleinyogini.de\/wp-content\/uploads\/2017\/03\/cropped-logo-1.jpg\",\"contentUrl\":\"https:\/\/fraeuleinyogini.de\/wp-content\/uploads\/2017\/03\/cropped-logo-1.jpg\",\"width\":2482,\"height\":2482,\"caption\":\"Fr\u00e4uelein Yogini\"},\"image\":{\"@id\":\"https:\/\/fraeuleinyogini.de\/#\/schema\/logo\/image\/\"},\"sameAs\":[\"https:\/\/www.facebook.com\/fraeuleinyogini\/\"]}]}<\/script>\n<!-- \/ Yoast SEO plugin. -->","yoast_head_json":{"title":"imprint | Fr\u00e4ulein Yogini","robots":{"index":"index","follow":"follow","max-snippet":"max-snippet:-1","max-image-preview":"max-image-preview:large","max-video-preview":"max-video-preview:-1"},"canonical":"https:\/\/fraeuleinyogini.de\/impressum\/","og_locale":"en_US","og_type":"article","og_title":"imprint | Fr\u00e4ulein Yogini","og_description":"Imprint information according to&nbsp;\u00a7 5 TMG: Cornelia Zeltner Fr\u00e4ulein Yogini &#8211; Yoga- und Meditationslehrerin Reichenhaller Stra\u00dfe 42 81547 M\u00fcnchen contact: Telefon: 0049 178 68 44 945 E-Mail: mail@fraeuleinyogini.com Umsatzsteuer-ID: Umsatzsteuer-Identifikationsnummer according to \u00a727 a Umsatzsteuergesetz: 148\/219\/40576 Responsible for the content&nbsp;(\u00a7","og_url":"https:\/\/fraeuleinyogini.de\/impressum\/","og_site_name":"Fr\u00e4ulein Yogini","article_publisher":"https:\/\/www.facebook.com\/fraeuleinyogini\/","article_modified_time":"2022-04-03T12:38:47+00:00","twitter_card":"summary_large_image","twitter_misc":{"Est. reading time":"11 minutes"},"schema":{"@context":"https:\/\/schema.org","@graph":[{"@type":"WebPage","@id":"https:\/\/fraeuleinyogini.de\/impressum\/","url":"https:\/\/fraeuleinyogini.de\/impressum\/","name":"imprint | Fr\u00e4ulein Yogini","isPartOf":{"@id":"https:\/\/fraeuleinyogini.de\/#website"},"datePublished":"2017-02-23T10:12:58+00:00","dateModified":"2022-04-03T12:38:47+00:00","breadcrumb":{"@id":"https:\/\/fraeuleinyogini.de\/impressum\/#breadcrumb"},"inLanguage":"en-US","potentialAction":[{"@type":"ReadAction","target":["https:\/\/fraeuleinyogini.de\/impressum\/"]}]},{"@type":"BreadcrumbList","@id":"https:\/\/fraeuleinyogini.de\/impressum\/#breadcrumb","itemListElement":[{"@type":"ListItem","position":1,"name":"Startseite","item":"https:\/\/fraeuleinyogini.de\/"},{"@type":"ListItem","position":2,"name":"Impressum"}]},{"@type":"WebSite","@id":"https:\/\/fraeuleinyogini.de\/#website","url":"https:\/\/fraeuleinyogini.de\/","name":"Fr\u00e4ulein Yogini","description":"Yoga und Meditation","publisher":{"@id":"https:\/\/fraeuleinyogini.de\/#organization"},"potentialAction":[{"@type":"SearchAction","target":{"@type":"EntryPoint","urlTemplate":"https:\/\/fraeuleinyogini.de\/?s={search_term_string}"},"query-input":{"@type":"PropertyValueSpecification","valueRequired":true,"valueName":"search_term_string"}}],"inLanguage":"en-US"},{"@type":"Organization","@id":"https:\/\/fraeuleinyogini.de\/#organization","name":"Fr\u00e4uelein Yogini","url":"https:\/\/fraeuleinyogini.de\/","logo":{"@type":"ImageObject","inLanguage":"en-US","@id":"https:\/\/fraeuleinyogini.de\/#\/schema\/logo\/image\/","url":"https:\/\/fraeuleinyogini.de\/wp-content\/uploads\/2017\/03\/cropped-logo-1.jpg","contentUrl":"https:\/\/fraeuleinyogini.de\/wp-content\/uploads\/2017\/03\/cropped-logo-1.jpg","width":2482,"height":2482,"caption":"Fr\u00e4uelein Yogini"},"image":{"@id":"https:\/\/fraeuleinyogini.de\/#\/schema\/logo\/image\/"},"sameAs":["https:\/\/www.facebook.com\/fraeuleinyogini\/"]}]}},"_links":{"self":[{"href":"https:\/\/fraeuleinyogini.de\/en\/wp-json\/wp\/v2\/pages\/21","targetHints":{"allow":["GET"]}}],"collection":[{"href":"https:\/\/fraeuleinyogini.de\/en\/wp-json\/wp\/v2\/pages"}],"about":[{"href":"https:\/\/fraeuleinyogini.de\/en\/wp-json\/wp\/v2\/types\/page"}],"author":[{"embeddable":true,"href":"https:\/\/fraeuleinyogini.de\/en\/wp-json\/wp\/v2\/users\/2"}],"replies":[{"embeddable":true,"href":"https:\/\/fraeuleinyogini.de\/en\/wp-json\/wp\/v2\/comments?post=21"}],"version-history":[{"count":23,"href":"https:\/\/fraeuleinyogini.de\/en\/wp-json\/wp\/v2\/pages\/21\/revisions"}],"predecessor-version":[{"id":1843,"href":"https:\/\/fraeuleinyogini.de\/en\/wp-json\/wp\/v2\/pages\/21\/revisions\/1843"}],"wp:attachment":[{"href":"https:\/\/fraeuleinyogini.de\/en\/wp-json\/wp\/v2\/media?parent=21"}],"curies":[{"name":"wp","href":"https:\/\/api.w.org\/{rel}","templated":true}]}}